{"id":145,"date":"2024-03-17T13:41:31","date_gmt":"2024-03-17T12:41:31","guid":{"rendered":"https:\/\/lathillaye.com\/?page_id=145"},"modified":"2024-04-10T15:42:36","modified_gmt":"2024-04-10T13:42:36","slug":"participation-aux-frais-de-fonctionnement","status":"publish","type":"page","link":"https:\/\/lathillaye.com\/index.php\/participation-aux-frais-de-fonctionnement\/","title":{"rendered":"Participation aux frais de fonctionnement"},"content":{"rendered":"\n<p>Selon la volont\u00e9 de Nicole Rachet-Hambourg, fondatrice du Fonds Nicole-Andr\u00e9 Hambourg auquel appartient La Thillaye, il n&rsquo;est demand\u00e9 aux artistes qu&rsquo;une participation aux frais engag\u00e9s par le Fonds pour \u00eatre en mesure de les y accueillir, que ce soit \u00e0 l&rsquo;occasion de s\u00e9jours ordinaires d&rsquo;artiste(s) avec h\u00e9bergement ou \u00e0 l&rsquo;occasion d&rsquo;un stage d&rsquo;une ou plusieurs journ\u00e9es.<\/p>\n\n\n\n<p><\/p>\n\n\n\n<figure class=\"wp-block-table\"><table><tbody><tr><td>PRESTATIONS<\/td><td>PARTICIPATION DEMANDEE<\/td><\/tr><tr><td>Pour les s\u00e9jours ordinaires d&rsquo;artistes: h\u00e9bergement dans la \u00ab Maison des Artistes \u00bb : 2 chambres (1 lit double, 2 lits une place et un couchage d&rsquo;appoint dans le salon), acc\u00e8s \u00e0 la salle de musique et aux Ateliers d\u2019Andr\u00e9 Hambourg.<br>Arriv\u00e9e exclusivement les lundi de 14h00 \u00e0 16h30 et les mercredi et vendredi, de 09h00 \u00e0 11h30 (1)<\/td><td>Pour un minimum de 4 nuit\u00e9es cons\u00e9cutives : 85 euros la nuit\u00e9e, ce montant forfaitaire s\u2019entendant <strong>quel que soit le nombre de r\u00e9sidents.<\/strong><br>Les nuit\u00e9es r\u00e9serv\u00e9es seront dues m\u00eame en cas de d\u00e9part pr\u00e9coce (sauf cas de force majeure).<\/td><\/tr><tr><td>Pour les stages d&rsquo;une ou plusieurs journ\u00e9es, cons\u00e9cutives ou non, de 10h00 \u00e0 17h00, les lundi, mercredi et vendredi (2)<br>&#8211; Acc\u00e8s \u00e0 la salle de musique, comportant deux pianos quart de queue.<br>&#8211; Acc\u00e8s aux jardins de La Thillaye<br>&#8211; Acc\u00e8s aux Ateliers d\u2019Andr\u00e9 Hambourg, comprenant des toilettes<\/td><td>4 \u00e0 10 personnes: 15 euros par jour et par personne(3).<br>11 \u00e0 20 personnes : 12 euros par jour et par personne. (4)<br>Aucune participation n&rsquo;est demand\u00e9e \u00e0 l&rsquo;animateur d&rsquo;un stage (limit\u00e9 \u00e0 1 animateur et pour les stages d&rsquo;au moins 4 participants).<br>La Thillaye peut accueillir des stages jusqu&rsquo;\u00e0 20 personnes.<\/td><\/tr><\/tbody><\/table><\/figure>\n\n\n\n<ol class=\"wp-block-list\">\n<li>Un suppl\u00e9ment forfaitaire de 50 euros est demand\u00e9 en cas de demande d\u2019acc\u00e8s en dehors de ces jours et horaires.<\/li>\n\n\n\n<li>Un suppl\u00e9ment forfaitaire de 50 euros est demand\u00e9 en cas de demande d\u2019acc\u00e8s en dehors de ces jours et horaires.<\/li>\n\n\n\n<li>Un abonnement avec un tarif forfaitis\u00e9 est possible en cas de r\u00e9servation r\u00e9guli\u00e8re (\u00e0 partir de la bi-mensualit\u00e9 et pour au moins 6 mois) de la salle de musique<\/li>\n\n\n\n<li> Un abonnement avec un tarif forfaitis\u00e9 est possible en cas de r\u00e9servation r\u00e9guli\u00e8re (\u00e0 partir de la bi-mensualit\u00e9 et pour au moins 6 mois) de la salle de musique<\/li>\n<\/ol>\n","protected":false},"excerpt":{"rendered":"<p>Selon la volont\u00e9 de Nicole Rachet-Hambourg, fondatrice du Fonds Nicole-Andr\u00e9 Hambourg auquel appartient La Thillaye, il n&rsquo;est demand\u00e9 aux artistes qu&rsquo;une participation aux frais engag\u00e9s par le Fonds pour \u00eatre en mesure de les y accueillir, que ce soit \u00e0 l&rsquo;occasion de s\u00e9jours ordinaires d&rsquo;artiste(s) avec h\u00e9bergement ou \u00e0 l&rsquo;occasion d&rsquo;un stage d&rsquo;une ou plusieurs [&hellip;]<\/p>\n","protected":false},"author":2,"featured_media":0,"parent":0,"menu_order":0,"comment_status":"closed","ping_status":"closed","template":"","meta":{"footnotes":""},"class_list":["post-145","page","type-page","status-publish","hentry"],"_links":{"self":[{"href":"https:\/\/lathillaye.com\/index.php\/wp-json\/wp\/v2\/pages\/145","targetHints":{"allow":["GET"]}}],"collection":[{"href":"https:\/\/lathillaye.com\/index.php\/wp-json\/wp\/v2\/pages"}],"about":[{"href":"https:\/\/lathillaye.com\/index.php\/wp-json\/wp\/v2\/types\/page"}],"author":[{"embeddable":true,"href":"https:\/\/lathillaye.com\/index.php\/wp-json\/wp\/v2\/users\/2"}],"replies":[{"embeddable":true,"href":"https:\/\/lathillaye.com\/index.php\/wp-json\/wp\/v2\/comments?post=145"}],"version-history":[{"count":6,"href":"https:\/\/lathillaye.com\/index.php\/wp-json\/wp\/v2\/pages\/145\/revisions"}],"predecessor-version":[{"id":230,"href":"https:\/\/lathillaye.com\/index.php\/wp-json\/wp\/v2\/pages\/145\/revisions\/230"}],"wp:attachment":[{"href":"https:\/\/lathillaye.com\/index.php\/wp-json\/wp\/v2\/media?parent=145"}],"curies":[{"name":"wp","href":"https:\/\/api.w.org\/{rel}","templated":true}]}}