{"id":155,"date":"2024-03-17T13:52:48","date_gmt":"2024-03-17T12:52:48","guid":{"rendered":"https:\/\/lathillaye.com\/?page_id=155"},"modified":"2024-03-17T15:05:50","modified_gmt":"2024-03-17T14:05:50","slug":"ils-en-parlent","status":"publish","type":"page","link":"https:\/\/lathillaye.com\/index.php\/ils-en-parlent\/","title":{"rendered":"Ils en parlent"},"content":{"rendered":"\n<h3 class=\"wp-block-heading\">R\u00e9sidence d&rsquo;Antoine Mar\u00e9chal et Victor Rachet<\/h3>\n\n\n\n<p>\u00ab\u00a0<em>Lorsque nous pensons, r\u00e9trospectivement, \u00e0 notre s\u00e9jour \u00e0 La Thillaye, les souvenirs s\u2019accompagnent d\u2019une douce odeur de d\u00e9but d\u2019\u00e9t\u00e9. Nous avions demand\u00e9 \u00e0 \u00eatre h\u00e9berg\u00e9s sur le site, avec Antoine Mar\u00e9chal, illustrateur, pour une premi\u00e8re r\u00e9sidence d\u2019\u00e9criture qui devait nous permettre de d\u00e9velopper les premiers axes structurels de notre projet de bande-dessin\u00e9e. Ce projet, aujourd\u2019hui nomm\u00e9 Cam\u00e9ra mais qui s\u2019appelait \u00e0 l\u2019\u00e9poque 12, \u00e9tait n\u00e9 quelque mois auparavant, et nous nous retrouvions pour la premi\u00e8re fois dans un espace commun, avec du temps devant nous. Nous avions une id\u00e9e de sc\u00e9nario, ce qu\u2019on nomme un pitch, et nous voulions profiter de ces deux semaines pour le faire grandir, pour s\u2019accorder et pour exp\u00e9rimenter des premi\u00e8res pistes d\u2019\u00e9critures. Nous nous sommes donc plong\u00e9s dans les discussions et dans le travail, d\u00e9briefant le soir dans l\u2019agr\u00e9able maison mise \u00e0 notre disposition en haut de la butte de La Thillaye, puis descendant les matins jusqu\u2019\u00e0 l\u2019ancien atelier d\u2019Andr\u00e9 Hambourg. Ici, je travaillais au d\u00e9ploiement de l\u2019histoire et esquissais les premiers traits de personnage, alors qu\u2019Antoine dessinait les espaces que ces personnages allaient habiter. Le temps est doux dans l\u2019atelier d\u2019Andr\u00e9 Hambourg, et la lumi\u00e8re magnifique, propice \u00e0 l\u2019imagination et \u00e0 la concentration. Coup\u00e9 du monde des villes, on se plongeait dans notre monde de fiction, de sensibilit\u00e9, d\u2019inflexions lumineuses. Les quelques pauses que nous prenions, nous sautions sur nos v\u00e9los afin de rejoindre Deauville, pour se ravitailler, boire un caf\u00e9, ou profiter des derniers rayons de soleil sur la plage. Ces deux premi\u00e8res semaines nous ont permis de trouver un langage commun, et de confirmer notre envie de se lancer dans le projet. Le sc\u00e9nario a aujourd\u2019hui l\u00e9g\u00e8rement chang\u00e9, mais le travail continue et s\u2019inscrit totalement dans la continuit\u00e9 de ce qui a \u00e9t\u00e9 pens\u00e9 et v\u00e9cu \u00e0 La Thillaye<\/em>\u00ab\u00a0<\/p>\n\n\n\n<p class=\"has-text-align-right\">Antoine Marechal et Victor Rachet<\/p>\n\n\n\n<figure class=\"wp-block-image size-full is-resized\"><img loading=\"lazy\" decoding=\"async\" width=\"734\" height=\"746\" src=\"https:\/\/lathillaye.com\/wp-content\/uploads\/2024\/03\/Residence-Antoine-Marechal-et-Victor-Rachet-small.jpg\" alt=\"R\u00e9sidence d'Antoine Mar\u00e9chal et Victor Rachet\" class=\"wp-image-166\" style=\"width:620px;height:auto\" srcset=\"https:\/\/lathillaye.com\/wp-content\/uploads\/2024\/03\/Residence-Antoine-Marechal-et-Victor-Rachet-small.jpg 734w, https:\/\/lathillaye.com\/wp-content\/uploads\/2024\/03\/Residence-Antoine-Marechal-et-Victor-Rachet-small-295x300.jpg 295w\" sizes=\"auto, (max-width: 734px) 100vw, 734px\" \/><figcaption class=\"wp-element-caption\"><a href=\"https:\/\/www.instagram.com\/p\/CiX4pscIC0w\/?igsh=ZjJxbGxnN3RwNGIx\">Voir les autres vignettes sur Instagram<\/a><\/figcaption><\/figure>\n\n\n\n<ul class=\"wp-block-social-links is-layout-flex wp-block-social-links-is-layout-flex\"><li class=\"wp-social-link wp-social-link-chain  wp-block-social-link\"><a href=\"https:\/\/antoinemarechal.fr\/\" class=\"wp-block-social-link-anchor\"><svg width=\"24\" height=\"24\" viewBox=\"0 0 24 24\" version=\"1.1\" xmlns=\"http:\/\/www.w3.org\/2000\/svg\" aria-hidden=\"true\" focusable=\"false\"><path d=\"M15.6,7.2H14v1.5h1.6c2,0,3.7,1.7,3.7,3.7s-1.7,3.7-3.7,3.7H14v1.5h1.6c2.8,0,5.2-2.3,5.2-5.2,0-2.9-2.3-5.2-5.2-5.2zM4.7,12.4c0-2,1.7-3.7,3.7-3.7H10V7.2H8.4c-2.9,0-5.2,2.3-5.2,5.2,0,2.9,2.3,5.2,5.2,5.2H10v-1.5H8.4c-2,0-3.7-1.7-3.7-3.7zm4.6.9h5.3v-1.5H9.3v1.5z\"><\/path><\/svg><span class=\"wp-block-social-link-label screen-reader-text\">Site Web<\/span><\/a><\/li>\n\n<li class=\"wp-social-link wp-social-link-instagram  wp-block-social-link\"><a href=\"https:\/\/www.instagram.com\/antoine_marechall?igsh=MWtuMGxvYzRxNTdxMg==%20\" class=\"wp-block-social-link-anchor\"><svg width=\"24\" height=\"24\" viewBox=\"0 0 24 24\" version=\"1.1\" xmlns=\"http:\/\/www.w3.org\/2000\/svg\" aria-hidden=\"true\" focusable=\"false\"><path d=\"M12,4.622c2.403,0,2.688,0.009,3.637,0.052c0.877,0.04,1.354,0.187,1.671,0.31c0.42,0.163,0.72,0.358,1.035,0.673 c0.315,0.315,0.51,0.615,0.673,1.035c0.123,0.317,0.27,0.794,0.31,1.671c0.043,0.949,0.052,1.234,0.052,3.637 s-0.009,2.688-0.052,3.637c-0.04,0.877-0.187,1.354-0.31,1.671c-0.163,0.42-0.358,0.72-0.673,1.035 c-0.315,0.315-0.615,0.51-1.035,0.673c-0.317,0.123-0.794,0.27-1.671,0.31c-0.949,0.043-1.233,0.052-3.637,0.052 s-2.688-0.009-3.637-0.052c-0.877-0.04-1.354-0.187-1.671-0.31c-0.42-0.163-0.72-0.358-1.035-0.673 c-0.315-0.315-0.51-0.615-0.673-1.035c-0.123-0.317-0.27-0.794-0.31-1.671C4.631,14.688,4.622,14.403,4.622,12 s0.009-2.688,0.052-3.637c0.04-0.877,0.187-1.354,0.31-1.671c0.163-0.42,0.358-0.72,0.673-1.035 c0.315-0.315,0.615-0.51,1.035-0.673c0.317-0.123,0.794-0.27,1.671-0.31C9.312,4.631,9.597,4.622,12,4.622 M12,3 C9.556,3,9.249,3.01,8.289,3.054C7.331,3.098,6.677,3.25,6.105,3.472C5.513,3.702,5.011,4.01,4.511,4.511 c-0.5,0.5-0.808,1.002-1.038,1.594C3.25,6.677,3.098,7.331,3.054,8.289C3.01,9.249,3,9.556,3,12c0,2.444,0.01,2.751,0.054,3.711 c0.044,0.958,0.196,1.612,0.418,2.185c0.23,0.592,0.538,1.094,1.038,1.594c0.5,0.5,1.002,0.808,1.594,1.038 c0.572,0.222,1.227,0.375,2.185,0.418C9.249,20.99,9.556,21,12,21s2.751-0.01,3.711-0.054c0.958-0.044,1.612-0.196,2.185-0.418 c0.592-0.23,1.094-0.538,1.594-1.038c0.5-0.5,0.808-1.002,1.038-1.594c0.222-0.572,0.375-1.227,0.418-2.185 C20.99,14.751,21,14.444,21,12s-0.01-2.751-0.054-3.711c-0.044-0.958-0.196-1.612-0.418-2.185c-0.23-0.592-0.538-1.094-1.038-1.594 c-0.5-0.5-1.002-0.808-1.594-1.038c-0.572-0.222-1.227-0.375-2.185-0.418C14.751,3.01,14.444,3,12,3L12,3z M12,7.378 c-2.552,0-4.622,2.069-4.622,4.622S9.448,16.622,12,16.622s4.622-2.069,4.622-4.622S14.552,7.378,12,7.378z M12,15 c-1.657,0-3-1.343-3-3s1.343-3,3-3s3,1.343,3,3S13.657,15,12,15z M16.804,6.116c-0.596,0-1.08,0.484-1.08,1.08 s0.484,1.08,1.08,1.08c0.596,0,1.08-0.484,1.08-1.08S17.401,6.116,16.804,6.116z\"><\/path><\/svg><span class=\"wp-block-social-link-label screen-reader-text\">Instagram<\/span><\/a><\/li><\/ul>\n\n\n\n<hr class=\"wp-block-separator has-alpha-channel-opacity\"\/>\n\n\n\n<h3 class=\"wp-block-heading\">R\u00e9sidence de l&rsquo;Atelier de l&rsquo;Esquisse<\/h3>\n\n\n\n<p>\u00ab\u00a0<em>Un matin de mai, les participants au stage de l&rsquo;Atelier arrivent \u00e0 la Thillaye pour une journ\u00e9e de peinture. D\u00e8s le franchissement du portail, la richesse des sujets s&rsquo;impose \u00e0 nos yeux : les lointains, les b\u00e2timents \u00e0 colombages, la diversit\u00e9 des arbres \u2026.<br>Descente vers la maison principale en longeant le verger et la petite maison \u00e0 colombages.<br>A peine les voitures gar\u00e9es, les \u00e9l\u00e8ves s&rsquo;\u00e9parpillent dans le jardin, scrutent, cadrent avec leurs mains, cherchent \u00ab leur angle \u00bb. La Thillaye a su garder son naturel et le calme environnant, tous deux propices \u00e0 l&rsquo;inspiration et au sentiment de libert\u00e9 des artistes, renfor\u00e7ant l&rsquo;attrait pictural du lieu.<br>Il y en a pour tous les go\u00fbts : qui veut camper un coin de maison entour\u00e9 par la v\u00e9g\u00e9tation, qui veut \u00ab faire \u00bb les arbres en bordure de pr\u00e9, ou bien dans le lointain le clocher de l&rsquo;Eglise d&rsquo;Englesqueville, la diversit\u00e9 des points de vue offre une multitude de sujets, avec cette lumi\u00e8re si particuli\u00e8re \u00e0 la r\u00e9gion.<br>Comme nous sommes en Normandie, la pluie s&rsquo;invite \u00e0 la f\u00eate et l&rsquo;acc\u00e8s aux ateliers est un atout majeur pour nous. Repli g\u00e9n\u00e9ral dans les grands ateliers et quelques objets glan\u00e9s sur place nous permettent de proposer des natures mortes comme sujets. Certains pr\u00e9f\u00e8rent s&rsquo;essayer \u00e0 l&rsquo;architecture int\u00e9rieure, un coin d&rsquo;escalier, le pressoir, le contre-jour d&rsquo;une fen\u00eatre, les sujets ne manquent pas.<br>La pluie s&rsquo;arr\u00eate \u00e0 temps pour nous permettre de pique-niquer dehors, sous un doux soleil de printemps.<br>Reprise du travail et l&rsquo;apr\u00e8s-midi se passe avec de nouveaux dessins, d&rsquo;autres aquarelles et quelques pochades \u00e0 l&rsquo;huile tout juste achev\u00e9es. Nous sommes accompagn\u00e9s tout l&rsquo;apr\u00e8s-midi par les trois oies qui surveillent de pr\u00e8s les travaux.<br>Cette journ\u00e9e restera dans la m\u00e9moire des participants pour la beaut\u00e9 et la richesse du paysage, l&rsquo;impression d&rsquo;\u00e9quilibre qui se d\u00e9gage du site, ainsi que les multiples possibilit\u00e9s picturales qui nous sont offertes.<br>La Thillaye n&rsquo;est pas un endroit anodin mais elle invite \u00e0 la contemplation artistique et elle aide \u00e0 la concentration sur le travail de cr\u00e9ation<\/em>\u00ab\u00a0.<\/p>\n\n\n\n<ul class=\"wp-block-social-links is-layout-flex wp-block-social-links-is-layout-flex\"><li class=\"wp-social-link wp-social-link-facebook  wp-block-social-link\"><a href=\"https:\/\/www.atelier-esquisse.com\/\" class=\"wp-block-social-link-anchor\"><svg width=\"24\" height=\"24\" viewBox=\"0 0 24 24\" version=\"1.1\" xmlns=\"http:\/\/www.w3.org\/2000\/svg\" aria-hidden=\"true\" focusable=\"false\"><path d=\"M12 2C6.5 2 2 6.5 2 12c0 5 3.7 9.1 8.4 9.9v-7H7.9V12h2.5V9.8c0-2.5 1.5-3.9 3.8-3.9 1.1 0 2.2.2 2.2.2v2.5h-1.3c-1.2 0-1.6.8-1.6 1.6V12h2.8l-.4 2.9h-2.3v7C18.3 21.1 22 17 22 12c0-5.5-4.5-10-10-10z\"><\/path><\/svg><span class=\"wp-block-social-link-label screen-reader-text\">Facebook<\/span><\/a><\/li><\/ul>\n\n\n\n<figure class=\"wp-block-image size-full\"><img loading=\"lazy\" decoding=\"async\" width=\"946\" height=\"635\" src=\"https:\/\/lathillaye.com\/wp-content\/uploads\/2024\/03\/Atelier-de-l-Esquisse.jpg\" alt=\"l'atelier de l'esquisse\" class=\"wp-image-169\" srcset=\"https:\/\/lathillaye.com\/wp-content\/uploads\/2024\/03\/Atelier-de-l-Esquisse.jpg 946w, https:\/\/lathillaye.com\/wp-content\/uploads\/2024\/03\/Atelier-de-l-Esquisse-300x201.jpg 300w, https:\/\/lathillaye.com\/wp-content\/uploads\/2024\/03\/Atelier-de-l-Esquisse-768x516.jpg 768w\" sizes=\"auto, (max-width: 946px) 100vw, 946px\" \/><\/figure>\n","protected":false},"excerpt":{"rendered":"<p>R\u00e9sidence d&rsquo;Antoine Mar\u00e9chal et Victor Rachet \u00ab\u00a0Lorsque nous pensons, r\u00e9trospectivement, \u00e0 notre s\u00e9jour \u00e0 La Thillaye, les souvenirs s\u2019accompagnent d\u2019une douce odeur de d\u00e9but d\u2019\u00e9t\u00e9. Nous avions demand\u00e9 \u00e0 \u00eatre h\u00e9berg\u00e9s sur le site, avec Antoine Mar\u00e9chal, illustrateur, pour une premi\u00e8re r\u00e9sidence d\u2019\u00e9criture qui devait nous permettre de d\u00e9velopper les premiers axes structurels de notre [&hellip;]<\/p>\n","protected":false},"author":3,"featured_media":0,"parent":0,"menu_order":0,"comment_status":"closed","ping_status":"closed","template":"","meta":{"footnotes":""},"class_list":["post-155","page","type-page","status-publish","hentry"],"_links":{"self":[{"href":"https:\/\/lathillaye.com\/index.php\/wp-json\/wp\/v2\/pages\/155","targetHints":{"allow":["GET"]}}],"collection":[{"href":"https:\/\/lathillaye.com\/index.php\/wp-json\/wp\/v2\/pages"}],"about":[{"href":"https:\/\/lathillaye.com\/index.php\/wp-json\/wp\/v2\/types\/page"}],"author":[{"embeddable":true,"href":"https:\/\/lathillaye.com\/index.php\/wp-json\/wp\/v2\/users\/3"}],"replies":[{"embeddable":true,"href":"https:\/\/lathillaye.com\/index.php\/wp-json\/wp\/v2\/comments?post=155"}],"version-history":[{"count":13,"href":"https:\/\/lathillaye.com\/index.php\/wp-json\/wp\/v2\/pages\/155\/revisions"}],"predecessor-version":[{"id":182,"href":"https:\/\/lathillaye.com\/index.php\/wp-json\/wp\/v2\/pages\/155\/revisions\/182"}],"wp:attachment":[{"href":"https:\/\/lathillaye.com\/index.php\/wp-json\/wp\/v2\/media?parent=155"}],"curies":[{"name":"wp","href":"https:\/\/api.w.org\/{rel}","templated":true}]}}