{"id":188,"date":"2024-03-17T15:28:32","date_gmt":"2024-03-17T14:28:32","guid":{"rendered":"https:\/\/lathillaye.com\/?page_id=188"},"modified":"2024-03-17T15:32:21","modified_gmt":"2024-03-17T14:32:21","slug":"contactez-nous","status":"publish","type":"page","link":"https:\/\/lathillaye.com\/index.php\/contactez-nous\/","title":{"rendered":"Contactez-nous"},"content":{"rendered":"\n<p>Pour nous parler de votre projet, <strong>prenez contact avec V\u00e9ronique Darfeuille, administrateur du Fonds de dotation Nicole Andr\u00e9 Hambourg, au 06.09.18.83.40 ou par mail \u00e0 <a href=\"mailto:lathillaye14@gmail.com\">lathillaye14@gmail.com<\/a> . <\/strong><\/p>\n","protected":false},"excerpt":{"rendered":"<p>Pour nous parler de votre projet, prenez contact avec V\u00e9ronique Darfeuille, administrateur du Fonds de dotation Nicole Andr\u00e9 Hambourg, au 06.09.18.83.40 ou par mail \u00e0 lathillaye14@gmail.com .<\/p>\n","protected":false},"author":3,"featured_media":0,"parent":0,"menu_order":0,"comment_status":"closed","ping_status":"closed","template":"","meta":{"footnotes":""},"class_list":["post-188","page","type-page","status-publish","hentry"],"_links":{"self":[{"href":"https:\/\/lathillaye.com\/index.php\/wp-json\/wp\/v2\/pages\/188","targetHints":{"allow":["GET"]}}],"collection":[{"href":"https:\/\/lathillaye.com\/index.php\/wp-json\/wp\/v2\/pages"}],"about":[{"href":"https:\/\/lathillaye.com\/index.php\/wp-json\/wp\/v2\/types\/page"}],"author":[{"embeddable":true,"href":"https:\/\/lathillaye.com\/index.php\/wp-json\/wp\/v2\/users\/3"}],"replies":[{"embeddable":true,"href":"https:\/\/lathillaye.com\/index.php\/wp-json\/wp\/v2\/comments?post=188"}],"version-history":[{"count":1,"href":"https:\/\/lathillaye.com\/index.php\/wp-json\/wp\/v2\/pages\/188\/revisions"}],"predecessor-version":[{"id":189,"href":"https:\/\/lathillaye.com\/index.php\/wp-json\/wp\/v2\/pages\/188\/revisions\/189"}],"wp:attachment":[{"href":"https:\/\/lathillaye.com\/index.php\/wp-json\/wp\/v2\/media?parent=188"}],"curies":[{"name":"wp","href":"https:\/\/api.w.org\/{rel}","templated":true}]}}