{"id":46,"date":"2024-03-11T07:37:48","date_gmt":"2024-03-11T06:37:48","guid":{"rendered":"https:\/\/lathillaye.com\/?page_id=46"},"modified":"2024-03-28T09:58:58","modified_gmt":"2024-03-28T08:58:58","slug":"les-lieux","status":"publish","type":"page","link":"https:\/\/lathillaye.com\/index.php\/les-lieux\/","title":{"rendered":"Les lieux"},"content":{"rendered":"\n<p><\/p>\n\n\n\n<p>La Thillaye offre aux r\u00e9sidents trois espaces de cr\u00e9ation et un h\u00e9bergement : La Grande Maison, les Ateliers d&rsquo;Andr\u00e9 et la maison des Artistes.<\/p>\n\n\n\n<hr class=\"wp-block-separator has-alpha-channel-opacity\"\/>\n\n\n\n<h2 class=\"wp-block-heading has-text-align-center\"><em>La Grande Maison<\/em><\/h2>\n\n\n\n<p><\/p>\n\n\n\n<figure class=\"wp-block-image size-large\"><img loading=\"lazy\" decoding=\"async\" width=\"1024\" height=\"498\" src=\"https:\/\/lathillaye.com\/wp-content\/uploads\/2024\/03\/La-Grande-maison-1-1024x498.jpg\" alt=\"\" class=\"wp-image-47\" srcset=\"https:\/\/lathillaye.com\/wp-content\/uploads\/2024\/03\/La-Grande-maison-1-1024x498.jpg 1024w, https:\/\/lathillaye.com\/wp-content\/uploads\/2024\/03\/La-Grande-maison-1-300x146.jpg 300w, https:\/\/lathillaye.com\/wp-content\/uploads\/2024\/03\/La-Grande-maison-1-768x373.jpg 768w, https:\/\/lathillaye.com\/wp-content\/uploads\/2024\/03\/La-Grande-maison-1-1536x747.jpg 1536w, https:\/\/lathillaye.com\/wp-content\/uploads\/2024\/03\/La-Grande-maison-1-2048x996.jpg 2048w\" sizes=\"auto, (max-width: 1024px) 100vw, 1024px\" \/><\/figure>\n\n\n\n<p>Seul le rez-de-chauss\u00e9e est accessible aux r\u00e9sidents. Celui-ci comporte une salle de musique de 40 m2 dont les doubles fen\u00eatres s&rsquo;ouvrent sur le jardin pour un concert champ\u00eatre. Elle est \u00e9quip\u00e9e de deux pianos quart de queue : un Yamaha et un ancien Pleyel.<\/p>\n\n\n\n<p>Le salon\/salle \u00e0 manger s&rsquo;articule autour d&rsquo;une double chemin\u00e9e, au coin de laquelle les contes s&rsquo;\u00e9crivent ou se racontent.<\/p>\n\n\n\n<figure class=\"wp-block-image size-large\"><img loading=\"lazy\" decoding=\"async\" width=\"1024\" height=\"768\" src=\"https:\/\/lathillaye.com\/wp-content\/uploads\/2024\/03\/La-cheminee-cote-face-1024x768.jpg\" alt=\"\" class=\"wp-image-51\" srcset=\"https:\/\/lathillaye.com\/wp-content\/uploads\/2024\/03\/La-cheminee-cote-face-1024x768.jpg 1024w, https:\/\/lathillaye.com\/wp-content\/uploads\/2024\/03\/La-cheminee-cote-face-300x225.jpg 300w, https:\/\/lathillaye.com\/wp-content\/uploads\/2024\/03\/La-cheminee-cote-face-768x576.jpg 768w, https:\/\/lathillaye.com\/wp-content\/uploads\/2024\/03\/La-cheminee-cote-face-1536x1153.jpg 1536w, https:\/\/lathillaye.com\/wp-content\/uploads\/2024\/03\/La-cheminee-cote-face.jpg 1599w\" sizes=\"auto, (max-width: 1024px) 100vw, 1024px\" \/><\/figure>\n\n\n\n<figure class=\"wp-block-image size-large is-resized\"><img loading=\"lazy\" decoding=\"async\" width=\"724\" height=\"1024\" src=\"https:\/\/lathillaye.com\/wp-content\/uploads\/2024\/03\/maison-principale-724x1024.png\" alt=\"\" class=\"wp-image-221\" style=\"width:419px;height:auto\" srcset=\"https:\/\/lathillaye.com\/wp-content\/uploads\/2024\/03\/maison-principale-724x1024.png 724w, https:\/\/lathillaye.com\/wp-content\/uploads\/2024\/03\/maison-principale-212x300.png 212w, https:\/\/lathillaye.com\/wp-content\/uploads\/2024\/03\/maison-principale-768x1086.png 768w, https:\/\/lathillaye.com\/wp-content\/uploads\/2024\/03\/maison-principale-1086x1536.png 1086w, https:\/\/lathillaye.com\/wp-content\/uploads\/2024\/03\/maison-principale.png 1414w\" sizes=\"auto, (max-width: 724px) 100vw, 724px\" \/><\/figure>\n\n\n\n<hr class=\"wp-block-separator has-alpha-channel-opacity\"\/>\n\n\n\n<h2 class=\"wp-block-heading has-text-align-center\"><em>Les Ateliers d&rsquo;Andr\u00e9<\/em><\/h2>\n\n\n\n<p><\/p>\n\n\n\n<p>Abrit\u00e9s dans un ancien pressoir, ils se trouvent \u00e0 quelques m\u00e8tres de la Grande Maison.<\/p>\n\n\n\n<p>A l&rsquo;\u00e9tage, deux grands ateliers d&rsquo;environ 30 et 50 m2 chacun peuvent accueillir des stages. Au rez-de-chauss\u00e9e, une grande pi\u00e8ce de 40 m2, orn\u00e9e de la vis spectaculaire du pressoir.<\/p>\n\n\n\n<figure class=\"wp-block-image size-full\"><img loading=\"lazy\" decoding=\"async\" width=\"1024\" height=\"607\" src=\"https:\/\/lathillaye.com\/wp-content\/uploads\/2024\/03\/Les-Ateliers-1024x607-2.jpg\" alt=\"\" class=\"wp-image-142\" srcset=\"https:\/\/lathillaye.com\/wp-content\/uploads\/2024\/03\/Les-Ateliers-1024x607-2.jpg 1024w, https:\/\/lathillaye.com\/wp-content\/uploads\/2024\/03\/Les-Ateliers-1024x607-2-300x178.jpg 300w, https:\/\/lathillaye.com\/wp-content\/uploads\/2024\/03\/Les-Ateliers-1024x607-2-768x455.jpg 768w\" sizes=\"auto, (max-width: 1024px) 100vw, 1024px\" \/><\/figure>\n\n\n\n<figure class=\"wp-block-image size-full\"><img loading=\"lazy\" decoding=\"async\" width=\"1024\" height=\"498\" src=\"https:\/\/lathillaye.com\/wp-content\/uploads\/2024\/03\/Lun-des-3-ateliers-1024x498-1.jpg\" alt=\"\" class=\"wp-image-141\" srcset=\"https:\/\/lathillaye.com\/wp-content\/uploads\/2024\/03\/Lun-des-3-ateliers-1024x498-1.jpg 1024w, https:\/\/lathillaye.com\/wp-content\/uploads\/2024\/03\/Lun-des-3-ateliers-1024x498-1-300x146.jpg 300w, https:\/\/lathillaye.com\/wp-content\/uploads\/2024\/03\/Lun-des-3-ateliers-1024x498-1-768x374.jpg 768w\" sizes=\"auto, (max-width: 1024px) 100vw, 1024px\" \/><\/figure>\n\n\n\n<figure class=\"wp-block-image size-large is-resized\"><img loading=\"lazy\" decoding=\"async\" width=\"724\" height=\"1024\" src=\"https:\/\/lathillaye.com\/wp-content\/uploads\/2024\/03\/Ateliers-dAndre-1-724x1024.png\" alt=\"\" class=\"wp-image-222\" style=\"width:340px;height:auto\" srcset=\"https:\/\/lathillaye.com\/wp-content\/uploads\/2024\/03\/Ateliers-dAndre-1-724x1024.png 724w, https:\/\/lathillaye.com\/wp-content\/uploads\/2024\/03\/Ateliers-dAndre-1-212x300.png 212w, https:\/\/lathillaye.com\/wp-content\/uploads\/2024\/03\/Ateliers-dAndre-1-768x1086.png 768w, https:\/\/lathillaye.com\/wp-content\/uploads\/2024\/03\/Ateliers-dAndre-1-1086x1536.png 1086w, https:\/\/lathillaye.com\/wp-content\/uploads\/2024\/03\/Ateliers-dAndre-1.png 1414w\" sizes=\"auto, (max-width: 724px) 100vw, 724px\" \/><\/figure>\n\n\n\n<hr class=\"wp-block-separator has-alpha-channel-opacity\"\/>\n\n\n\n<h2 class=\"wp-block-heading has-text-align-center\"><em>La Maison des Artistes<\/em><\/h2>\n\n\n\n<p><\/p>\n\n\n\n<p>Maisonnette de plain pied, d&rsquo;environ 55 m2, la maison des Artistes se situe \u00e0 l&rsquo;entr\u00e9e du jardin. Elle pr\u00e9sente trois pi\u00e8ces et permet d&rsquo;h\u00e9berger 4 r\u00e9sidents (2 chambres \u00e9quip\u00e9es de lit double ou simple). Elle est \u00e9quip\u00e9e d&rsquo;une kitchenette. Des possibilit\u00e9s d&rsquo;h\u00e9bergements proches de La Thillaye permettent d&rsquo;accueillir des groupes d&rsquo;une quinzaine de personnes.<\/p>\n\n\n\n<figure class=\"wp-block-image size-large\"><img loading=\"lazy\" decoding=\"async\" width=\"1024\" height=\"768\" src=\"https:\/\/lathillaye.com\/wp-content\/uploads\/2024\/03\/La-maison-des-artistes-1024x768.jpg\" alt=\"\" class=\"wp-image-54\" srcset=\"https:\/\/lathillaye.com\/wp-content\/uploads\/2024\/03\/La-maison-des-artistes-1024x768.jpg 1024w, https:\/\/lathillaye.com\/wp-content\/uploads\/2024\/03\/La-maison-des-artistes-300x225.jpg 300w, https:\/\/lathillaye.com\/wp-content\/uploads\/2024\/03\/La-maison-des-artistes-768x576.jpg 768w, https:\/\/lathillaye.com\/wp-content\/uploads\/2024\/03\/La-maison-des-artistes-1536x1152.jpg 1536w, https:\/\/lathillaye.com\/wp-content\/uploads\/2024\/03\/La-maison-des-artistes-2048x1536.jpg 2048w\" sizes=\"auto, (max-width: 1024px) 100vw, 1024px\" \/><\/figure>\n\n\n\n<figure class=\"wp-block-image size-full\"><img loading=\"lazy\" decoding=\"async\" width=\"461\" height=\"1024\" src=\"https:\/\/lathillaye.com\/wp-content\/uploads\/2024\/03\/Le-salon-de-la-maison-des-artistes-461x1024-1.jpg\" alt=\"\" class=\"wp-image-143\" srcset=\"https:\/\/lathillaye.com\/wp-content\/uploads\/2024\/03\/Le-salon-de-la-maison-des-artistes-461x1024-1.jpg 461w, https:\/\/lathillaye.com\/wp-content\/uploads\/2024\/03\/Le-salon-de-la-maison-des-artistes-461x1024-1-135x300.jpg 135w\" sizes=\"auto, (max-width: 461px) 100vw, 461px\" \/><\/figure>\n\n\n\n<p><\/p>\n\n\n\n<figure class=\"wp-block-image size-large is-resized\"><img loading=\"lazy\" decoding=\"async\" width=\"724\" height=\"1024\" src=\"https:\/\/lathillaye.com\/wp-content\/uploads\/2024\/03\/maison-des-artistes-724x1024.png\" alt=\"\" class=\"wp-image-223\" style=\"width:390px;height:auto\" srcset=\"https:\/\/lathillaye.com\/wp-content\/uploads\/2024\/03\/maison-des-artistes-724x1024.png 724w, https:\/\/lathillaye.com\/wp-content\/uploads\/2024\/03\/maison-des-artistes-212x300.png 212w, https:\/\/lathillaye.com\/wp-content\/uploads\/2024\/03\/maison-des-artistes-768x1086.png 768w, https:\/\/lathillaye.com\/wp-content\/uploads\/2024\/03\/maison-des-artistes-1086x1536.png 1086w, https:\/\/lathillaye.com\/wp-content\/uploads\/2024\/03\/maison-des-artistes.png 1414w\" sizes=\"auto, (max-width: 724px) 100vw, 724px\" \/><\/figure>\n\n\n\n<p><\/p>\n\n\n\n<hr class=\"wp-block-separator has-alpha-channel-opacity\"\/>\n\n\n\n<h2 class=\"wp-block-heading has-text-align-center\"><em>Le Jardin<\/em><\/h2>\n\n\n\n<p>5 hectares\u00a0: des points de vue exceptionnels sur le pays d\u2019Auge, les lumi\u00e8res et les ciels caract\u00e9ristiques de la r\u00e9gion, les animaux (oies, ch\u00e8vres, chevaux) constituent des sujets de choix pour les artistes.<\/p>\n\n\n\n<figure class=\"wp-block-image size-large\"><img loading=\"lazy\" decoding=\"async\" width=\"1024\" height=\"768\" src=\"https:\/\/lathillaye.com\/wp-content\/uploads\/2024\/03\/Vue-du-haut-du-jardin-vers-la-Grande-maison-1-1024x768.jpg\" alt=\"\" class=\"wp-image-57\" srcset=\"https:\/\/lathillaye.com\/wp-content\/uploads\/2024\/03\/Vue-du-haut-du-jardin-vers-la-Grande-maison-1-1024x768.jpg 1024w, https:\/\/lathillaye.com\/wp-content\/uploads\/2024\/03\/Vue-du-haut-du-jardin-vers-la-Grande-maison-1-300x225.jpg 300w, https:\/\/lathillaye.com\/wp-content\/uploads\/2024\/03\/Vue-du-haut-du-jardin-vers-la-Grande-maison-1-768x576.jpg 768w, https:\/\/lathillaye.com\/wp-content\/uploads\/2024\/03\/Vue-du-haut-du-jardin-vers-la-Grande-maison-1-1536x1152.jpg 1536w, https:\/\/lathillaye.com\/wp-content\/uploads\/2024\/03\/Vue-du-haut-du-jardin-vers-la-Grande-maison-1-2048x1536.jpg 2048w\" sizes=\"auto, (max-width: 1024px) 100vw, 1024px\" \/><\/figure>\n\n\n\n<figure class=\"wp-block-image size-full\"><img loading=\"lazy\" decoding=\"async\" width=\"1244\" height=\"2560\" src=\"https:\/\/lathillaye.com\/wp-content\/uploads\/2024\/03\/20220519_143916-scaled.jpg\" alt=\"\" class=\"wp-image-120\" srcset=\"https:\/\/lathillaye.com\/wp-content\/uploads\/2024\/03\/20220519_143916-scaled.jpg 1244w, https:\/\/lathillaye.com\/wp-content\/uploads\/2024\/03\/20220519_143916-146x300.jpg 146w, https:\/\/lathillaye.com\/wp-content\/uploads\/2024\/03\/20220519_143916-498x1024.jpg 498w, https:\/\/lathillaye.com\/wp-content\/uploads\/2024\/03\/20220519_143916-768x1580.jpg 768w, https:\/\/lathillaye.com\/wp-content\/uploads\/2024\/03\/20220519_143916-747x1536.jpg 747w\" sizes=\"auto, (max-width: 1244px) 100vw, 1244px\" \/><\/figure>\n\n\n\n<figure class=\"wp-block-image size-large\"><img loading=\"lazy\" decoding=\"async\" width=\"768\" height=\"1024\" src=\"https:\/\/lathillaye.com\/wp-content\/uploads\/2024\/03\/IMG_20221227_112523_2-768x1024.jpg\" alt=\"\" class=\"wp-image-59\" srcset=\"https:\/\/lathillaye.com\/wp-content\/uploads\/2024\/03\/IMG_20221227_112523_2-768x1024.jpg 768w, https:\/\/lathillaye.com\/wp-content\/uploads\/2024\/03\/IMG_20221227_112523_2-225x300.jpg 225w, https:\/\/lathillaye.com\/wp-content\/uploads\/2024\/03\/IMG_20221227_112523_2-1152x1536.jpg 1152w, https:\/\/lathillaye.com\/wp-content\/uploads\/2024\/03\/IMG_20221227_112523_2-1536x2048.jpg 1536w, https:\/\/lathillaye.com\/wp-content\/uploads\/2024\/03\/IMG_20221227_112523_2-scaled.jpg 1920w\" sizes=\"auto, (max-width: 768px) 100vw, 768px\" \/><\/figure>\n\n\n\n<figure class=\"wp-block-image size-large\"><img loading=\"lazy\" decoding=\"async\" width=\"1024\" height=\"768\" src=\"https:\/\/lathillaye.com\/wp-content\/uploads\/2024\/03\/DSCF0056-1024x768.jpg\" alt=\"\" class=\"wp-image-122\" srcset=\"https:\/\/lathillaye.com\/wp-content\/uploads\/2024\/03\/DSCF0056-1024x768.jpg 1024w, https:\/\/lathillaye.com\/wp-content\/uploads\/2024\/03\/DSCF0056-300x225.jpg 300w, https:\/\/lathillaye.com\/wp-content\/uploads\/2024\/03\/DSCF0056-768x576.jpg 768w, https:\/\/lathillaye.com\/wp-content\/uploads\/2024\/03\/DSCF0056-1536x1152.jpg 1536w, https:\/\/lathillaye.com\/wp-content\/uploads\/2024\/03\/DSCF0056-2048x1536.jpg 2048w\" sizes=\"auto, (max-width: 1024px) 100vw, 1024px\" \/><\/figure>\n\n\n\n<p><\/p>\n","protected":false},"excerpt":{"rendered":"<p>La Thillaye offre aux r\u00e9sidents trois espaces de cr\u00e9ation et un h\u00e9bergement : La Grande Maison, les Ateliers d&rsquo;Andr\u00e9 et la maison des Artistes. La Grande Maison Seul le rez-de-chauss\u00e9e est accessible aux r\u00e9sidents. Celui-ci comporte une salle de musique de 40 m2 dont les doubles fen\u00eatres s&rsquo;ouvrent sur le jardin pour un concert champ\u00eatre. [&hellip;]<\/p>\n","protected":false},"author":3,"featured_media":0,"parent":0,"menu_order":0,"comment_status":"closed","ping_status":"closed","template":"","meta":{"footnotes":""},"class_list":["post-46","page","type-page","status-publish","hentry"],"_links":{"self":[{"href":"https:\/\/lathillaye.com\/index.php\/wp-json\/wp\/v2\/pages\/46","targetHints":{"allow":["GET"]}}],"collection":[{"href":"https:\/\/lathillaye.com\/index.php\/wp-json\/wp\/v2\/pages"}],"about":[{"href":"https:\/\/lathillaye.com\/index.php\/wp-json\/wp\/v2\/types\/page"}],"author":[{"embeddable":true,"href":"https:\/\/lathillaye.com\/index.php\/wp-json\/wp\/v2\/users\/3"}],"replies":[{"embeddable":true,"href":"https:\/\/lathillaye.com\/index.php\/wp-json\/wp\/v2\/comments?post=46"}],"version-history":[{"count":19,"href":"https:\/\/lathillaye.com\/index.php\/wp-json\/wp\/v2\/pages\/46\/revisions"}],"predecessor-version":[{"id":227,"href":"https:\/\/lathillaye.com\/index.php\/wp-json\/wp\/v2\/pages\/46\/revisions\/227"}],"wp:attachment":[{"href":"https:\/\/lathillaye.com\/index.php\/wp-json\/wp\/v2\/media?parent=46"}],"curies":[{"name":"wp","href":"https:\/\/api.w.org\/{rel}","templated":true}]}}