{"id":61,"date":"2024-03-11T10:09:31","date_gmt":"2024-03-11T09:09:31","guid":{"rendered":"https:\/\/lathillaye.com\/?page_id=61"},"modified":"2024-03-19T19:44:55","modified_gmt":"2024-03-19T18:44:55","slug":"l-esprit","status":"publish","type":"page","link":"https:\/\/lathillaye.com\/index.php\/l-esprit\/","title":{"rendered":"L&rsquo;esprit"},"content":{"rendered":"\n<figure class=\"wp-block-image size-large\"><img loading=\"lazy\" decoding=\"async\" width=\"1024\" height=\"498\" src=\"https:\/\/lathillaye.com\/wp-content\/uploads\/2024\/03\/Pause-devant-la-grande-Maison-1024x498.jpg\" alt=\"\" class=\"wp-image-62\" srcset=\"https:\/\/lathillaye.com\/wp-content\/uploads\/2024\/03\/Pause-devant-la-grande-Maison-1024x498.jpg 1024w, https:\/\/lathillaye.com\/wp-content\/uploads\/2024\/03\/Pause-devant-la-grande-Maison-300x146.jpg 300w, https:\/\/lathillaye.com\/wp-content\/uploads\/2024\/03\/Pause-devant-la-grande-Maison-768x373.jpg 768w, https:\/\/lathillaye.com\/wp-content\/uploads\/2024\/03\/Pause-devant-la-grande-Maison-1536x747.jpg 1536w, https:\/\/lathillaye.com\/wp-content\/uploads\/2024\/03\/Pause-devant-la-grande-Maison-2048x996.jpg 2048w\" sizes=\"auto, (max-width: 1024px) 100vw, 1024px\" \/><\/figure>\n\n\n\n<p><\/p>\n\n\n\n<p><\/p>\n\n\n\n<p>La Thillaye appartient au Fonds de dotation Nicole Andr\u00e9 Hambourg. C&rsquo;est une structure non lucrative dont l&rsquo;une des missions est de la conserver et de permettre aux artistes d&rsquo;y s\u00e9journer pour y exercer leur art. <\/p>\n\n\n\n<p>La Thillaye peut accueillir des projets artistiques et culturels, amateurs ou professionnels, appartenant \u00e0 la plupart des champs de la cr\u00e9ation : les arts plastiques (peinture, dessin, sculpture, photographie, illustration &#8230;), le spectacle vivant (musique, th\u00e9\u00e2tre, conte, &#8230;), l&rsquo;\u00e9criture. Sa situation, au calme d&rsquo;un grand jardin de 5 hectares et son histoire artistique, cr\u00e9ent les conditions propices \u00e0 la concentration et \u00e0 l&rsquo;inspiration. <strong>A deux heures de Paris,<\/strong> l&rsquo;immersion cr\u00e9atrice est possible.<\/p>\n\n\n\n<p>Seule une participation forfaitaire aux charges de l&rsquo;entretien du lieu est demand\u00e9e aux r\u00e9sidents, qu&rsquo;ils viennent \u00e0 la journ\u00e9e ou pour un s\u00e9jour h\u00e9berg\u00e9 de plusieurs jours ou de plusieurs semaines. <\/p>\n\n\n\n<p>L&rsquo;acc\u00e8s au lieu est entier : il comprend le rez-de-chauss\u00e9e de la Grande Maison, la Maison des Artistes, les Ateliers d&rsquo;Andr\u00e9 et le jardin. On vous en confie les clefs. C&rsquo;est \u00e0 vous de dessiner le s\u00e9jour dont vous avez besoin.<\/p>\n\n\n\n<p><\/p>\n\n\n\n<p>Rendez-vous \u00e0 la page \u00ab\u00a0Contact\u00a0\u00bb pour que nous parlions de votre projet !<\/p>\n\n\n\n<figure class=\"wp-block-image size-large\"><img loading=\"lazy\" decoding=\"async\" width=\"1024\" height=\"498\" src=\"https:\/\/lathillaye.com\/wp-content\/uploads\/2024\/03\/20220519_110013-1024x498.jpg\" alt=\"\" class=\"wp-image-63\" srcset=\"https:\/\/lathillaye.com\/wp-content\/uploads\/2024\/03\/20220519_110013-1024x498.jpg 1024w, https:\/\/lathillaye.com\/wp-content\/uploads\/2024\/03\/20220519_110013-300x146.jpg 300w, https:\/\/lathillaye.com\/wp-content\/uploads\/2024\/03\/20220519_110013-768x373.jpg 768w, https:\/\/lathillaye.com\/wp-content\/uploads\/2024\/03\/20220519_110013-1536x747.jpg 1536w, https:\/\/lathillaye.com\/wp-content\/uploads\/2024\/03\/20220519_110013-2048x996.jpg 2048w\" sizes=\"auto, (max-width: 1024px) 100vw, 1024px\" \/><\/figure>\n\n\n\n<figure class=\"wp-block-image size-large\"><img loading=\"lazy\" decoding=\"async\" width=\"1024\" height=\"768\" src=\"https:\/\/lathillaye.com\/wp-content\/uploads\/2024\/03\/Le-Yamaha-1024x768.jpg\" alt=\"\" class=\"wp-image-64\" srcset=\"https:\/\/lathillaye.com\/wp-content\/uploads\/2024\/03\/Le-Yamaha-1024x768.jpg 1024w, https:\/\/lathillaye.com\/wp-content\/uploads\/2024\/03\/Le-Yamaha-300x225.jpg 300w, https:\/\/lathillaye.com\/wp-content\/uploads\/2024\/03\/Le-Yamaha-768x576.jpg 768w, https:\/\/lathillaye.com\/wp-content\/uploads\/2024\/03\/Le-Yamaha-1536x1153.jpg 1536w, https:\/\/lathillaye.com\/wp-content\/uploads\/2024\/03\/Le-Yamaha.jpg 1599w\" sizes=\"auto, (max-width: 1024px) 100vw, 1024px\" \/><\/figure>\n","protected":false},"excerpt":{"rendered":"<p>La Thillaye appartient au Fonds de dotation Nicole Andr\u00e9 Hambourg. C&rsquo;est une structure non lucrative dont l&rsquo;une des missions est de la conserver et de permettre aux artistes d&rsquo;y s\u00e9journer pour y exercer leur art. La Thillaye peut accueillir des projets artistiques et culturels, amateurs ou professionnels, appartenant \u00e0 la plupart des champs de la [&hellip;]<\/p>\n","protected":false},"author":3,"featured_media":0,"parent":0,"menu_order":0,"comment_status":"closed","ping_status":"closed","template":"","meta":{"footnotes":""},"class_list":["post-61","page","type-page","status-publish","hentry"],"_links":{"self":[{"href":"https:\/\/lathillaye.com\/index.php\/wp-json\/wp\/v2\/pages\/61","targetHints":{"allow":["GET"]}}],"collection":[{"href":"https:\/\/lathillaye.com\/index.php\/wp-json\/wp\/v2\/pages"}],"about":[{"href":"https:\/\/lathillaye.com\/index.php\/wp-json\/wp\/v2\/types\/page"}],"author":[{"embeddable":true,"href":"https:\/\/lathillaye.com\/index.php\/wp-json\/wp\/v2\/users\/3"}],"replies":[{"embeddable":true,"href":"https:\/\/lathillaye.com\/index.php\/wp-json\/wp\/v2\/comments?post=61"}],"version-history":[{"count":10,"href":"https:\/\/lathillaye.com\/index.php\/wp-json\/wp\/v2\/pages\/61\/revisions"}],"predecessor-version":[{"id":209,"href":"https:\/\/lathillaye.com\/index.php\/wp-json\/wp\/v2\/pages\/61\/revisions\/209"}],"wp:attachment":[{"href":"https:\/\/lathillaye.com\/index.php\/wp-json\/wp\/v2\/media?parent=61"}],"curies":[{"name":"wp","href":"https:\/\/api.w.org\/{rel}","templated":true}]}}